{"id":343,"date":"2017-06-20T12:46:18","date_gmt":"2017-06-20T12:46:18","guid":{"rendered":"https:\/\/stockholm21.select-themes.com\/?page_id=343"},"modified":"2021-03-26T18:33:58","modified_gmt":"2021-03-26T17:33:58","slug":"projekte","status":"publish","type":"page","link":"https:\/\/d3ing.com\/de\/projekte\/","title":{"rendered":"Projekte"},"content":{"rendered":"<div class=\"wpb-content-wrapper\"><p>[vc_row row_type=&#8220;row&#8220; use_row_as_full_screen_section=&#8220;no&#8220; type=&#8220;full_width&#8220; text_align=&#8220;left&#8220; background_animation=&#8220;none&#8220; css_animation=&#8220;&#8220;][vc_column][vc_row_inner row_type=&#8220;row&#8220; type=&#8220;grid&#8220; use_row_as_full_screen_section_slide=&#8220;no&#8220; text_align=&#8220;left&#8220; css_animation=&#8220;&#8220; el_class=&#8220;noBreak&#8220; css=&#8220;.vc_custom_1589282975769{background-position: center !important;background-repeat: no-repeat !important;background-size: cover !important;}&#8220;][vc_column_inner width=&#8220;2\/3&#8243;][vc_column_text]<\/p>\n<h2>Ausgew\u00e4hlte Projekte<\/h2>\n<p>[\/vc_column_text][vc_empty_space height=&#8220;20px&#8220;][vc_column_text]Es ist die Liebe zum Detail, das Vertrauen in das eigene K\u00f6nnen und das Wissen, was unsere Arbeit pr\u00e4gt. \u00dcberzeugen Sie sich selbst.[\/vc_column_text][vc_empty_space height=&#8220;160px&#8220;][\/vc_column_inner][vc_column_inner width=&#8220;1\/3&#8243;][\/vc_column_inner][\/vc_row_inner][vc_row_inner row_type=&#8220;row&#8220; type=&#8220;full_width&#8220; use_row_as_full_screen_section_slide=&#8220;no&#8220; text_align=&#8220;left&#8220; css_animation=&#8220;&#8220; el_class=&#8220;dark_row&#8220;][vc_column_inner]<div class='projects_holder_outer v3 portfolio_with_space portfolio_with_hover_text  qode-filter-position-top'>\n\t<div class='filter_outer center_align'>\n    <div class='filter_holder  '>\n        <ul>\n            \n                            <li class='filter' data-filter='all'><span>Alle<\/span><\/li>\n            \n                            <li class='filter' data-filter='portfolio_category_41'><span>Dynamische Lichtsteuerung<\/span>\n                                <\/li>\n                            <li class='filter' data-filter='portfolio_category_42'><span>Lichtdesign<\/span>\n                                <\/li>\n                            <li class='filter' data-filter='portfolio_category_44'><span>Steuerung &amp; Visualisierung<\/span>\n                                <\/li>\n                    <\/ul>\n    <\/div>\n<\/div>\n    \t<div class='projects_holder clearfix v3 hover_text portfolio_landscape_image '>\n\t\t<article class=\"mix portfolio_category_41\">\n    <div class='image_holder default_hover'>\n        \n<span class='image'><img loading=\"lazy\" decoding=\"async\" width=\"800\" height=\"600\" src=\"https:\/\/d3ing.com\/wp-content\/uploads\/NCL-Bliss-Chandelier04-800x600.jpg\" class=\"attachment-portfolio-landscape size-portfolio-landscape wp-post-image\" alt=\"\" \/><\/span>\n                    <a class='portfolio_link_class' href='https:\/\/d3ing.com\/de\/portfolio_page\/dynamic-chandeliers\/' target='_self'><\/a>\n\t\t\n        <div class=\"portfolio_shader\"><\/div>\n<div class=\"text_holder\">\n\t\t<span class=\"project_category\">\n        <span> In <\/span>\n\t\tDynamische Lichtsteuerung    <\/span>\n<h4 class=\"portfolio_title\" > Dynamische Leuchter<\/h4><h6 class=\"portfolio_subtitle\"> <\/h6><\/div>\n<div class=\"icons_holder\">\n\t<div class=\"icons_holder_inner\">\n\t\t\t\t\t<\/div>\n<\/div>\n\n\t    \n    <\/div>\n<\/article>\n<article class=\"mix portfolio_category_44\">\n    <div class='image_holder default_hover'>\n        \n<span class='image'><img loading=\"lazy\" decoding=\"async\" width=\"800\" height=\"600\" src=\"https:\/\/d3ing.com\/wp-content\/uploads\/Header-Steuerung-Visualisierung-Schirn-FFM-Arkaden-Titelbild-die-3-Ingenieure-800x600.jpeg\" class=\"attachment-portfolio-landscape size-portfolio-landscape wp-post-image\" alt=\"\" \/><\/span>\n                    <a class='portfolio_link_class' href='https:\/\/d3ing.com\/de\/portfolio_page\/schirn-kunsthalle\/' target='_self'><\/a>\n\t\t\n        <div class=\"portfolio_shader\"><\/div>\n<div class=\"text_holder\">\n\t\t<span class=\"project_category\">\n        <span> In <\/span>\n\t\tSteuerung &amp; Visualisierung    <\/span>\n<h4 class=\"portfolio_title\" > Schirn Kunsthalle<\/h4><h6 class=\"portfolio_subtitle\"> <\/h6><\/div>\n<div class=\"icons_holder\">\n\t<div class=\"icons_holder_inner\">\n\t\t\t\t\t<\/div>\n<\/div>\n\n\t    \n    <\/div>\n<\/article>\n<article class=\"mix portfolio_category_44\">\n    <div class='image_holder default_hover'>\n        \n<span class='image'><img loading=\"lazy\" decoding=\"async\" width=\"800\" height=\"600\" src=\"https:\/\/d3ing.com\/wp-content\/uploads\/Header-Steuerung-Visualisierung-Privathaus-02-BM01-die-3-Ingenieure-800x600.jpg\" class=\"attachment-portfolio-landscape size-portfolio-landscape wp-post-image\" alt=\"\" \/><\/span>\n                    <a class='portfolio_link_class' href='https:\/\/d3ing.com\/de\/portfolio_page\/privathaus-2\/' target='_self'><\/a>\n\t\t\n        <div class=\"portfolio_shader\"><\/div>\n<div class=\"text_holder\">\n\t\t<span class=\"project_category\">\n        <span> In <\/span>\n\t\tSteuerung &amp; Visualisierung    <\/span>\n<h4 class=\"portfolio_title\" > Privates Anwesen<\/h4><h6 class=\"portfolio_subtitle\"> <\/h6><\/div>\n<div class=\"icons_holder\">\n\t<div class=\"icons_holder_inner\">\n\t\t\t\t\t<\/div>\n<\/div>\n\n\t    \n    <\/div>\n<\/article>\n<article class=\"mix portfolio_category_44\">\n    <div class='image_holder default_hover'>\n        \n<span class='image'><img loading=\"lazy\" decoding=\"async\" width=\"800\" height=\"600\" src=\"https:\/\/d3ing.com\/wp-content\/uploads\/Header-Steuerung-Visualisierung-Privathaus-01-HW01-die-3-Ingenieure-800x600.jpg\" class=\"attachment-portfolio-landscape size-portfolio-landscape wp-post-image\" alt=\"\" \/><\/span>\n                    <a class='portfolio_link_class' href='https:\/\/d3ing.com\/de\/portfolio_page\/privathaus-1\/' target='_self'><\/a>\n\t\t\n        <div class=\"portfolio_shader\"><\/div>\n<div class=\"text_holder\">\n\t\t<span class=\"project_category\">\n        <span> In <\/span>\n\t\tSteuerung &amp; Visualisierung    <\/span>\n<h4 class=\"portfolio_title\" > Privates Anwesen<\/h4><h6 class=\"portfolio_subtitle\"> <\/h6><\/div>\n<div class=\"icons_holder\">\n\t<div class=\"icons_holder_inner\">\n\t\t\t\t\t<\/div>\n<\/div>\n\n\t    \n    <\/div>\n<\/article>\n<article class=\"mix portfolio_category_44\">\n    <div class='image_holder default_hover'>\n        \n<span class='image'><img loading=\"lazy\" decoding=\"async\" width=\"800\" height=\"600\" src=\"https:\/\/d3ing.com\/wp-content\/uploads\/Header-Steuerung-Visualisierung-MMK2-Titel-die-3-Ingenieure-800x600.jpg\" class=\"attachment-portfolio-landscape size-portfolio-landscape wp-post-image\" alt=\"\" \/><\/span>\n                    <a class='portfolio_link_class' href='https:\/\/d3ing.com\/de\/portfolio_page\/mmk2-ffm\/' target='_self'><\/a>\n\t\t\n        <div class=\"portfolio_shader\"><\/div>\n<div class=\"text_holder\">\n\t\t<span class=\"project_category\">\n        <span> In <\/span>\n\t\tSteuerung &amp; Visualisierung    <\/span>\n<h4 class=\"portfolio_title\" > TOWER MMK<\/h4><h6 class=\"portfolio_subtitle\"> <\/h6><\/div>\n<div class=\"icons_holder\">\n\t<div class=\"icons_holder_inner\">\n\t\t\t\t\t<\/div>\n<\/div>\n\n\t    \n    <\/div>\n<\/article>\n<article class=\"mix portfolio_category_44\">\n    <div class='image_holder default_hover'>\n        \n<span class='image'><img loading=\"lazy\" decoding=\"async\" width=\"800\" height=\"600\" src=\"https:\/\/d3ing.com\/wp-content\/uploads\/Header-Steuerung-Visualisierung-Allgemein-Beschattung-die-3-Ingenieure-800x600.png\" class=\"attachment-portfolio-landscape size-portfolio-landscape wp-post-image\" alt=\"\" srcset=\"https:\/\/d3ing.com\/wp-content\/uploads\/Header-Steuerung-Visualisierung-Allgemein-Beschattung-die-3-Ingenieure-800x600.png 800w, https:\/\/d3ing.com\/wp-content\/uploads\/Header-Steuerung-Visualisierung-Allgemein-Beschattung-die-3-Ingenieure-300x225.png 300w, https:\/\/d3ing.com\/wp-content\/uploads\/Header-Steuerung-Visualisierung-Allgemein-Beschattung-die-3-Ingenieure-1024x769.png 1024w, https:\/\/d3ing.com\/wp-content\/uploads\/Header-Steuerung-Visualisierung-Allgemein-Beschattung-die-3-Ingenieure-768x577.png 768w, https:\/\/d3ing.com\/wp-content\/uploads\/Header-Steuerung-Visualisierung-Allgemein-Beschattung-die-3-Ingenieure-700x526.png 700w, https:\/\/d3ing.com\/wp-content\/uploads\/Header-Steuerung-Visualisierung-Allgemein-Beschattung-die-3-Ingenieure-1100x826.png 1100w, https:\/\/d3ing.com\/wp-content\/uploads\/Header-Steuerung-Visualisierung-Allgemein-Beschattung-die-3-Ingenieure.png 1257w\" sizes=\"auto, (max-width: 800px) 100vw, 800px\" \/><\/span>\n                    <a class='portfolio_link_class' href='https:\/\/d3ing.com\/de\/portfolio_page\/allgemein\/' target='_self'><\/a>\n\t\t\n        <div class=\"portfolio_shader\"><\/div>\n<div class=\"text_holder\">\n\t\t<span class=\"project_category\">\n        <span> In <\/span>\n\t\tSteuerung &amp; Visualisierung    <\/span>\n<h4 class=\"portfolio_title\" > Allgemein<\/h4><h6 class=\"portfolio_subtitle\"> <\/h6><\/div>\n<div class=\"icons_holder\">\n\t<div class=\"icons_holder_inner\">\n\t\t\t\t\t<\/div>\n<\/div>\n\n\t    \n    <\/div>\n<\/article>\n<article class=\"mix portfolio_category_42\">\n    <div class='image_holder default_hover'>\n        \n<span class='image'><img loading=\"lazy\" decoding=\"async\" width=\"800\" height=\"600\" src=\"https:\/\/d3ing.com\/wp-content\/uploads\/Header-Lichtdesign-Rhythm-Instrument-01-die-3-Ingenieure-800x600.jpg\" class=\"attachment-portfolio-landscape size-portfolio-landscape wp-post-image\" alt=\"\" \/><\/span>\n                    <a class='portfolio_link_class' href='https:\/\/d3ing.com\/de\/portfolio_page\/rhythm-instrument\/' target='_self'><\/a>\n\t\t\n        <div class=\"portfolio_shader\"><\/div>\n<div class=\"text_holder\">\n\t\t<span class=\"project_category\">\n        <span> In <\/span>\n\t\tLichtdesign    <\/span>\n<h4 class=\"portfolio_title\" > Rhythm Instrument<\/h4><h6 class=\"portfolio_subtitle\"> <\/h6><\/div>\n<div class=\"icons_holder\">\n\t<div class=\"icons_holder_inner\">\n\t\t\t\t\t<\/div>\n<\/div>\n\n\t    \n    <\/div>\n<\/article>\n<article class=\"mix portfolio_category_42\">\n    <div class='image_holder default_hover'>\n        \n<span class='image'><img loading=\"lazy\" decoding=\"async\" width=\"800\" height=\"600\" src=\"https:\/\/d3ing.com\/wp-content\/uploads\/Header-Lichtdesign-Animation-01-die-3-Ingenieure-800x600.jpg\" class=\"attachment-portfolio-landscape size-portfolio-landscape wp-post-image\" alt=\"\" \/><\/span>\n                    <a class='portfolio_link_class' href='https:\/\/d3ing.com\/de\/portfolio_page\/animation\/' target='_self'><\/a>\n\t\t\n        <div class=\"portfolio_shader\"><\/div>\n<div class=\"text_holder\">\n\t\t<span class=\"project_category\">\n        <span> In <\/span>\n\t\tLichtdesign    <\/span>\n<h4 class=\"portfolio_title\" > Animation<\/h4><h6 class=\"portfolio_subtitle\"> <\/h6><\/div>\n<div class=\"icons_holder\">\n\t<div class=\"icons_holder_inner\">\n\t\t\t\t\t<\/div>\n<\/div>\n\n\t    \n    <\/div>\n<\/article>\n<article class=\"mix portfolio_category_42\">\n    <div class='image_holder default_hover'>\n        \n<span class='image'><img loading=\"lazy\" decoding=\"async\" width=\"800\" height=\"600\" src=\"https:\/\/d3ing.com\/wp-content\/uploads\/Header-Lichtdesign-Imitation-of-Life-01-die-3-Ingenieure-800x600.jpg\" class=\"attachment-portfolio-landscape size-portfolio-landscape wp-post-image\" alt=\"\" \/><\/span>\n                    <a class='portfolio_link_class' href='https:\/\/d3ing.com\/de\/portfolio_page\/imitation-of-life\/' target='_self'><\/a>\n\t\t\n        <div class=\"portfolio_shader\"><\/div>\n<div class=\"text_holder\">\n\t\t<span class=\"project_category\">\n        <span> In <\/span>\n\t\tLichtdesign    <\/span>\n<h4 class=\"portfolio_title\" > Imitation of Life<\/h4><h6 class=\"portfolio_subtitle\"> <\/h6><\/div>\n<div class=\"icons_holder\">\n\t<div class=\"icons_holder_inner\">\n\t\t\t\t\t<\/div>\n<\/div>\n\n\t    \n    <\/div>\n<\/article>\n<article class=\"mix portfolio_category_42\">\n    <div class='image_holder default_hover'>\n        \n<span class='image'><img loading=\"lazy\" decoding=\"async\" width=\"800\" height=\"600\" src=\"https:\/\/d3ing.com\/wp-content\/uploads\/Header-Lichtdesign-Femme-fatale-01-die-3-Ingenieure-800x600.jpg\" class=\"attachment-portfolio-landscape size-portfolio-landscape wp-post-image\" alt=\"\" \/><\/span>\n                    <a class='portfolio_link_class' href='https:\/\/d3ing.com\/de\/portfolio_page\/femme-fatale\/' target='_self'><\/a>\n\t\t\n        <div class=\"portfolio_shader\"><\/div>\n<div class=\"text_holder\">\n\t\t<span class=\"project_category\">\n        <span> In <\/span>\n\t\tLichtdesign    <\/span>\n<h4 class=\"portfolio_title\" > Femme Fatale<\/h4><h6 class=\"portfolio_subtitle\"> <\/h6><\/div>\n<div class=\"icons_holder\">\n\t<div class=\"icons_holder_inner\">\n\t\t\t\t\t<\/div>\n<\/div>\n\n\t    \n    <\/div>\n<\/article>\n<article class=\"mix portfolio_category_42\">\n    <div class='image_holder default_hover'>\n        \n<span class='image'><img loading=\"lazy\" decoding=\"async\" width=\"800\" height=\"600\" src=\"https:\/\/d3ing.com\/wp-content\/uploads\/Header-Lichtdesign-Drei-Schwestern-02-die-3-Ingenieure-800x600.jpg\" class=\"attachment-portfolio-landscape size-portfolio-landscape wp-post-image\" alt=\"\" \/><\/span>\n                    <a class='portfolio_link_class' href='https:\/\/d3ing.com\/de\/portfolio_page\/drei-schwestern\/' target='_self'><\/a>\n\t\t\n        <div class=\"portfolio_shader\"><\/div>\n<div class=\"text_holder\">\n\t\t<span class=\"project_category\">\n        <span> In <\/span>\n\t\tLichtdesign    <\/span>\n<h4 class=\"portfolio_title\" > Drei Schwestern<\/h4><h6 class=\"portfolio_subtitle\"> <\/h6><\/div>\n<div class=\"icons_holder\">\n\t<div class=\"icons_holder_inner\">\n\t\t\t\t\t<\/div>\n<\/div>\n\n\t    \n    <\/div>\n<\/article>\n<article class=\"mix portfolio_category_42\">\n    <div class='image_holder default_hover'>\n        \n<span class='image'><img loading=\"lazy\" decoding=\"async\" width=\"800\" height=\"600\" src=\"https:\/\/d3ing.com\/wp-content\/uploads\/Header-Lichtdesign-Alice-in-Wonderland-01-die-3-Ingenieure-800x600.jpg\" class=\"attachment-portfolio-landscape size-portfolio-landscape wp-post-image\" alt=\"\" \/><\/span>\n                    <a class='portfolio_link_class' href='https:\/\/d3ing.com\/de\/portfolio_page\/alice-in-wonderland\/' target='_self'><\/a>\n\t\t\n        <div class=\"portfolio_shader\"><\/div>\n<div class=\"text_holder\">\n\t\t<span class=\"project_category\">\n        <span> In <\/span>\n\t\tLichtdesign    <\/span>\n<h4 class=\"portfolio_title\" > Alice in Wonderland<\/h4><h6 class=\"portfolio_subtitle\"> <\/h6><\/div>\n<div class=\"icons_holder\">\n\t<div class=\"icons_holder_inner\">\n\t\t\t\t\t<\/div>\n<\/div>\n\n\t    \n    <\/div>\n<\/article>\n<article class=\"mix portfolio_category_41\">\n    <div class='image_holder default_hover'>\n        \n<span class='image'><img loading=\"lazy\" decoding=\"async\" width=\"800\" height=\"600\" src=\"https:\/\/d3ing.com\/wp-content\/uploads\/Header-Licht-Steuerung-Coface-Arena-07-die-3-Ingenieure-800x600.jpg\" class=\"attachment-portfolio-landscape size-portfolio-landscape wp-post-image\" alt=\"\" \/><\/span>\n                    <a class='portfolio_link_class' href='https:\/\/d3ing.com\/de\/portfolio_page\/coface-arena\/' target='_self'><\/a>\n\t\t\n        <div class=\"portfolio_shader\"><\/div>\n<div class=\"text_holder\">\n\t\t<span class=\"project_category\">\n        <span> In <\/span>\n\t\tDynamische Lichtsteuerung    <\/span>\n<h4 class=\"portfolio_title\" > Coface Arena<\/h4><h6 class=\"portfolio_subtitle\"> <\/h6><\/div>\n<div class=\"icons_holder\">\n\t<div class=\"icons_holder_inner\">\n\t\t\t\t\t<\/div>\n<\/div>\n\n\t    \n    <\/div>\n<\/article>\n<article class=\"mix portfolio_category_41\">\n    <div class='image_holder default_hover'>\n        \n<span class='image'><img loading=\"lazy\" decoding=\"async\" width=\"800\" height=\"600\" src=\"https:\/\/d3ing.com\/wp-content\/uploads\/Header-Licht-Steuerung-Balcony-Light-12-die-3-Ingenieure-800x600.jpg\" class=\"attachment-portfolio-landscape size-portfolio-landscape wp-post-image\" alt=\"\" \/><\/span>\n                    <a class='portfolio_link_class' href='https:\/\/d3ing.com\/de\/portfolio_page\/balcony-light\/' target='_self'><\/a>\n\t\t\n        <div class=\"portfolio_shader\"><\/div>\n<div class=\"text_holder\">\n\t\t<span class=\"project_category\">\n        <span> In <\/span>\n\t\tDynamische Lichtsteuerung    <\/span>\n<h4 class=\"portfolio_title\" > Balcony Light<\/h4><h6 class=\"portfolio_subtitle\"> <\/h6><\/div>\n<div class=\"icons_holder\">\n\t<div class=\"icons_holder_inner\">\n\t\t\t\t\t<\/div>\n<\/div>\n\n\t    \n    <\/div>\n<\/article>\n\t\t\t\t\t<div class='filler'><\/div>\n\t\t\t\t\t\t\t\t\t<div class='filler'><\/div>\n\t\t\t\t\t\t\t\t\t<div class='filler'><\/div>\n\t\t\t\t\t<\/div>\n\n    \n\t<\/div>\n[\/vc_column_inner][\/vc_row_inner][vc_empty_space height=&#8220;80px&#8220;][\/vc_column][\/vc_row]<\/p>\n<\/div>","protected":false},"excerpt":{"rendered":"<p>[vc_row row_type=&#8220;row&#8220; use_row_as_full_screen_section=&#8220;no&#8220; type=&#8220;full_width&#8220; text_align=&#8220;left&#8220; background_animation=&#8220;none&#8220; css_animation=&#8220;&#8220;][vc_column][vc_row_inner row_type=&#8220;row&#8220; type=&#8220;grid&#8220; use_row_as_full_screen_section_slide=&#8220;no&#8220; text_align=&#8220;left&#8220; css_animation=&#8220;&#8220; el_class=&#8220;noBreak&#8220; css=&#8220;.vc_custom_1589282975769{background-position: center !important;background-repeat: no-repeat !important;background-size: cover !important;}&#8220;][vc_column_inner width=&#8220;2\/3&#8243;][vc_column_text] Ausgew\u00e4hlte Projekte [\/vc_column_text][vc_empty_space height=&#8220;20px&#8220;][vc_column_text]Es ist die Liebe zum Detail, das Vertrauen in das eigene K\u00f6nnen und das Wissen, was unsere Arbeit pr\u00e4gt. \u00dcberzeugen Sie&#8230;<\/p>\n","protected":false},"author":1,"featured_media":0,"parent":0,"menu_order":1,"comment_status":"closed","ping_status":"closed","template":"full_width.php","meta":{"_acf_changed":false,"inline_featured_image":false,"footnotes":""},"class_list":["post-343","page","type-page","status-publish","hentry"],"acf":[],"yoast_head":"<!-- This site is optimized with the Yoast SEO plugin v26.9 - https:\/\/yoast.com\/product\/yoast-seo-wordpress\/ -->\n<title>Projekte - Die 3 Ingenieure<\/title>\n<meta name=\"robots\" content=\"index, follow, max-snippet:-1, max-image-preview:large, max-video-preview:-1\" \/>\n<link rel=\"canonical\" href=\"https:\/\/d3ing.com\/de\/projekte\/\" \/>\n<meta property=\"og:locale\" content=\"de_DE\" \/>\n<meta property=\"og:type\" content=\"article\" \/>\n<meta property=\"og:title\" content=\"Projekte - Die 3 Ingenieure\" \/>\n<meta property=\"og:description\" content=\"[vc_row row_type=&#8220;row&#8220; use_row_as_full_screen_section=&#8220;no&#8220; type=&#8220;full_width&#8220; text_align=&#8220;left&#8220; background_animation=&#8220;none&#8220; css_animation=&#8220;&#8220;][vc_column][vc_row_inner row_type=&#8220;row&#8220; type=&#8220;grid&#8220; use_row_as_full_screen_section_slide=&#8220;no&#8220; text_align=&#8220;left&#8220; css_animation=&#8220;&#8220; el_class=&#8220;noBreak&#8220; css=&#8220;.vc_custom_1589282975769{background-position: center !important;background-repeat: no-repeat !important;background-size: cover !important;}&#8220;][vc_column_inner width=&#8220;2\/3&#8243;][vc_column_text] Ausgew\u00e4hlte Projekte [\/vc_column_text][vc_empty_space height=&#8220;20px&#8220;][vc_column_text]Es ist die Liebe zum Detail, das Vertrauen in das eigene K\u00f6nnen und das Wissen, was unsere Arbeit pr\u00e4gt. \u00dcberzeugen Sie...\" \/>\n<meta property=\"og:url\" content=\"https:\/\/d3ing.com\/de\/projekte\/\" \/>\n<meta property=\"og:site_name\" content=\"Die 3 Ingenieure\" \/>\n<meta property=\"article:modified_time\" content=\"2021-03-26T17:33:58+00:00\" \/>\n<meta name=\"twitter:card\" content=\"summary_large_image\" \/>\n<meta name=\"twitter:label1\" content=\"Gesch\u00e4tzte Lesezeit\" \/>\n\t<meta name=\"twitter:data1\" content=\"1\u00a0Minute\" \/>\n<script type=\"application\/ld+json\" class=\"yoast-schema-graph\">{\"@context\":\"https:\/\/schema.org\",\"@graph\":[{\"@type\":\"WebPage\",\"@id\":\"https:\/\/d3ing.com\/de\/projekte\/\",\"url\":\"https:\/\/d3ing.com\/de\/projekte\/\",\"name\":\"Projekte - Die 3 Ingenieure\",\"isPartOf\":{\"@id\":\"https:\/\/d3ing.com\/de\/#website\"},\"datePublished\":\"2017-06-20T12:46:18+00:00\",\"dateModified\":\"2021-03-26T17:33:58+00:00\",\"breadcrumb\":{\"@id\":\"https:\/\/d3ing.com\/de\/projekte\/#breadcrumb\"},\"inLanguage\":\"de\",\"potentialAction\":[{\"@type\":\"ReadAction\",\"target\":[\"https:\/\/d3ing.com\/de\/projekte\/\"]}]},{\"@type\":\"BreadcrumbList\",\"@id\":\"https:\/\/d3ing.com\/de\/projekte\/#breadcrumb\",\"itemListElement\":[{\"@type\":\"ListItem\",\"position\":1,\"name\":\"Startseite\",\"item\":\"https:\/\/d3ing.com\/de\/\"},{\"@type\":\"ListItem\",\"position\":2,\"name\":\"Projekte\"}]},{\"@type\":\"WebSite\",\"@id\":\"https:\/\/d3ing.com\/de\/#website\",\"url\":\"https:\/\/d3ing.com\/de\/\",\"name\":\"Die 3 Ingenieure\",\"description\":\"\",\"publisher\":{\"@id\":\"https:\/\/d3ing.com\/de\/#organization\"},\"alternateName\":\"d3ing.com\",\"potentialAction\":[{\"@type\":\"SearchAction\",\"target\":{\"@type\":\"EntryPoint\",\"urlTemplate\":\"https:\/\/d3ing.com\/de\/?s={search_term_string}\"},\"query-input\":{\"@type\":\"PropertyValueSpecification\",\"valueRequired\":true,\"valueName\":\"search_term_string\"}}],\"inLanguage\":\"de\"},{\"@type\":\"Organization\",\"@id\":\"https:\/\/d3ing.com\/de\/#organization\",\"name\":\"Die 3 Ingenieure\",\"alternateName\":\"d3ing\",\"url\":\"https:\/\/d3ing.com\/de\/\",\"logo\":{\"@type\":\"ImageObject\",\"inLanguage\":\"de\",\"@id\":\"https:\/\/d3ing.com\/de\/#\/schema\/logo\/image\/\",\"url\":\"https:\/\/d3ing.com\/wp-content\/uploads\/Logo-Die-3-Ingenieure-72dpi-RGB-zweizeilig-schwarz-transparent.png\",\"contentUrl\":\"https:\/\/d3ing.com\/wp-content\/uploads\/Logo-Die-3-Ingenieure-72dpi-RGB-zweizeilig-schwarz-transparent.png\",\"width\":1200,\"height\":310,\"caption\":\"Die 3 Ingenieure\"},\"image\":{\"@id\":\"https:\/\/d3ing.com\/de\/#\/schema\/logo\/image\/\"},\"sameAs\":[\"https:\/\/www.xing.com\/profile\/Christian_Sellin\/\",\"https:\/\/www.linkedin.com\/in\/christian-sellin-0a487422\/\"]}]}<\/script>\n<!-- \/ Yoast SEO plugin. -->","yoast_head_json":{"title":"Projekte - Die 3 Ingenieure","robots":{"index":"index","follow":"follow","max-snippet":"max-snippet:-1","max-image-preview":"max-image-preview:large","max-video-preview":"max-video-preview:-1"},"canonical":"https:\/\/d3ing.com\/de\/projekte\/","og_locale":"de_DE","og_type":"article","og_title":"Projekte - Die 3 Ingenieure","og_description":"[vc_row row_type=&#8220;row&#8220; use_row_as_full_screen_section=&#8220;no&#8220; type=&#8220;full_width&#8220; text_align=&#8220;left&#8220; background_animation=&#8220;none&#8220; css_animation=&#8220;&#8220;][vc_column][vc_row_inner row_type=&#8220;row&#8220; type=&#8220;grid&#8220; use_row_as_full_screen_section_slide=&#8220;no&#8220; text_align=&#8220;left&#8220; css_animation=&#8220;&#8220; el_class=&#8220;noBreak&#8220; css=&#8220;.vc_custom_1589282975769{background-position: center !important;background-repeat: no-repeat !important;background-size: cover !important;}&#8220;][vc_column_inner width=&#8220;2\/3&#8243;][vc_column_text] Ausgew\u00e4hlte Projekte [\/vc_column_text][vc_empty_space height=&#8220;20px&#8220;][vc_column_text]Es ist die Liebe zum Detail, das Vertrauen in das eigene K\u00f6nnen und das Wissen, was unsere Arbeit pr\u00e4gt. \u00dcberzeugen Sie...","og_url":"https:\/\/d3ing.com\/de\/projekte\/","og_site_name":"Die 3 Ingenieure","article_modified_time":"2021-03-26T17:33:58+00:00","twitter_card":"summary_large_image","twitter_misc":{"Gesch\u00e4tzte Lesezeit":"1\u00a0Minute"},"schema":{"@context":"https:\/\/schema.org","@graph":[{"@type":"WebPage","@id":"https:\/\/d3ing.com\/de\/projekte\/","url":"https:\/\/d3ing.com\/de\/projekte\/","name":"Projekte - Die 3 Ingenieure","isPartOf":{"@id":"https:\/\/d3ing.com\/de\/#website"},"datePublished":"2017-06-20T12:46:18+00:00","dateModified":"2021-03-26T17:33:58+00:00","breadcrumb":{"@id":"https:\/\/d3ing.com\/de\/projekte\/#breadcrumb"},"inLanguage":"de","potentialAction":[{"@type":"ReadAction","target":["https:\/\/d3ing.com\/de\/projekte\/"]}]},{"@type":"BreadcrumbList","@id":"https:\/\/d3ing.com\/de\/projekte\/#breadcrumb","itemListElement":[{"@type":"ListItem","position":1,"name":"Startseite","item":"https:\/\/d3ing.com\/de\/"},{"@type":"ListItem","position":2,"name":"Projekte"}]},{"@type":"WebSite","@id":"https:\/\/d3ing.com\/de\/#website","url":"https:\/\/d3ing.com\/de\/","name":"Die 3 Ingenieure","description":"","publisher":{"@id":"https:\/\/d3ing.com\/de\/#organization"},"alternateName":"d3ing.com","potentialAction":[{"@type":"SearchAction","target":{"@type":"EntryPoint","urlTemplate":"https:\/\/d3ing.com\/de\/?s={search_term_string}"},"query-input":{"@type":"PropertyValueSpecification","valueRequired":true,"valueName":"search_term_string"}}],"inLanguage":"de"},{"@type":"Organization","@id":"https:\/\/d3ing.com\/de\/#organization","name":"Die 3 Ingenieure","alternateName":"d3ing","url":"https:\/\/d3ing.com\/de\/","logo":{"@type":"ImageObject","inLanguage":"de","@id":"https:\/\/d3ing.com\/de\/#\/schema\/logo\/image\/","url":"https:\/\/d3ing.com\/wp-content\/uploads\/Logo-Die-3-Ingenieure-72dpi-RGB-zweizeilig-schwarz-transparent.png","contentUrl":"https:\/\/d3ing.com\/wp-content\/uploads\/Logo-Die-3-Ingenieure-72dpi-RGB-zweizeilig-schwarz-transparent.png","width":1200,"height":310,"caption":"Die 3 Ingenieure"},"image":{"@id":"https:\/\/d3ing.com\/de\/#\/schema\/logo\/image\/"},"sameAs":["https:\/\/www.xing.com\/profile\/Christian_Sellin\/","https:\/\/www.linkedin.com\/in\/christian-sellin-0a487422\/"]}]}},"_links":{"self":[{"href":"https:\/\/d3ing.com\/de\/wp-json\/wp\/v2\/pages\/343","targetHints":{"allow":["GET"]}}],"collection":[{"href":"https:\/\/d3ing.com\/de\/wp-json\/wp\/v2\/pages"}],"about":[{"href":"https:\/\/d3ing.com\/de\/wp-json\/wp\/v2\/types\/page"}],"author":[{"embeddable":true,"href":"https:\/\/d3ing.com\/de\/wp-json\/wp\/v2\/users\/1"}],"replies":[{"embeddable":true,"href":"https:\/\/d3ing.com\/de\/wp-json\/wp\/v2\/comments?post=343"}],"version-history":[{"count":24,"href":"https:\/\/d3ing.com\/de\/wp-json\/wp\/v2\/pages\/343\/revisions"}],"predecessor-version":[{"id":1646,"href":"https:\/\/d3ing.com\/de\/wp-json\/wp\/v2\/pages\/343\/revisions\/1646"}],"wp:attachment":[{"href":"https:\/\/d3ing.com\/de\/wp-json\/wp\/v2\/media?parent=343"}],"curies":[{"name":"wp","href":"https:\/\/api.w.org\/{rel}","templated":true}]}}